{"id":3942,"date":"2019-12-19T13:43:31","date_gmt":"2019-12-19T12:43:31","guid":{"rendered":"https:\/\/2023.economicsofeducation.com\/es\/?page_id=3942"},"modified":"2020-05-06T16:00:38","modified_gmt":"2020-05-06T14:00:38","slug":"politica-de-cookies","status":"publish","type":"page","link":"https:\/\/2025.economicsofeducation.com\/es\/politica-de-cookies\/","title":{"rendered":"Pol\u00edtica de cookies"},"content":{"rendered":"\r\n<p>La Asociaci\u00f3n de Econom\u00eda de la Educaci\u00f3n le informa que esta p\u00e1gina web utiliza cookies propias y de terceros para mejorar nuestros servicios.<\/p>\r\n<p><strong>\u00bfQu\u00e9 es una \u201cCookie\u201d?<\/strong><br \/>Una cookie es un archivo que se descarga el equipo del usuario al acceder a determinadas p\u00e1ginas web para almacenar y recuperar informaci\u00f3n sobre la navegaci\u00f3n que se efect\u00faa desde dicho equipo. Ejercen una doble funci\u00f3n, llevando el control y reconocimiento de usuarios, y consiguiendo informaci\u00f3n sobre los h\u00e1bitos de navegaci\u00f3n del usuario. Puede permitir, bloquear o eliminar las cookies.<br \/>Las cookies instaladas en su equipo se pueden bloquear o eliminar mediante la configuraci\u00f3n de las opciones del navegador instalado en su ordenador.<\/p>\r\n<p><strong>Firefox<\/strong> desde aqu\u00ed:<br \/><a href=\"https:\/\/support.mozilla.org\/es\/kb\/cookies-informacion-que-los-sitios-web-guardan-en-#w_configurar-las-cookies\">https:\/\/support.mozilla.org\/es\/kb\/cookies-informacion-que-los-sitios-web-guardan-en-#w_configurar-las-cookies<\/a><\/p>\r\n<p><strong>Chrome<\/strong> desde aqu\u00ed:<br \/><a href=\"http:\/\/support.google.com\/chrome\/bin\/answer.py?hl=es&#038;answer=95647\">http:\/\/support.google.com\/chrome\/bin\/answer.py?hl=es&#038;answer=95647<\/a><\/p>\r\n<p><strong>Explorer<\/strong> desde aqu\u00ed:<br \/><a href=\"http:\/\/windows.microsoft.com\/es-es\/windows7\/how-to-manage-cookies-in-internet-explorer-9\">http:\/\/windows.microsoft.com\/es-es\/windows7\/how-to-manage-cookies-in-internet-explorer-9<\/a><a href=\"http:\/\/windows.microsoft.com\/es-es\/internet-explorer\/delete-manage-cookies#ie=ie-11\">http:\/\/windows.microsoft.com\/es-es\/internet-explorer\/delete-manage-cookies#ie=ie-11 <\/a><\/p>\r\n<p><strong>Safari<\/strong> desde aqu\u00ed:<br \/><a href=\"http:\/\/support.apple.com\/kb\/ph5042\">http:\/\/support.apple.com\/kb\/ph5042<\/a><\/p>\r\n<p><strong>Opera<\/strong> desde aqu\u00ed:<br \/><a href=\"http:\/\/help.opera.com\/Windows\/11.50\/es-ES\/cookies.html\">http:\/\/help.opera.com\/Windows\/11.50\/es-ES\/cookies.html<\/a><\/p>\r\n<p><strong>Enlaces externos a redes sociales<\/strong><br \/>Esta web tiene enlaces externos a otros sitios web que podr\u00edan tratar la informaci\u00f3n conforme a otras pol\u00edticas de privacidad (p.ej., redes sociales como Facebook, Twitter). En ning\u00fan caso seremos responsables del uso que terceros hagan de esa informaci\u00f3n si el interesado decide libremente proporcionarlos. Para mejorar su experiencia de usuario, esta web ha habilitado botones sociales de Facebook, para permitir que el usuario pueda compartir con su c\u00edrculo social aquellos contenidos que le resulten de inter\u00e9s. As\u00ed mismo, los botones sociales te evitan la molestia de aportar tus datos personales a esta web mediante el aprovechamiento de la informaci\u00f3n ya compartida de las mencionadas redes sociales, datos a los que no tenemos acceso.<\/p>\r\n<p><strong>\u00bfQu\u00e9 ocurre si se deshabilitan las cookies?<\/strong><br \/>La navegaci\u00f3n por nuestra web podr\u00eda no ser \u00f3ptima y algunos recursos estar deshabilitados.<\/p>\r\n<p><strong>Actualizaciones y cambios<\/strong><br \/>El Titular puede modificar esta Pol\u00edtica de Cookies en funci\u00f3n de exigencias legislativas, reglamentarias, o con la finalidad de adaptar dicha pol\u00edtica a las instrucciones dictadas por la Agencia Espa\u00f1ola de Protecci\u00f3n de Datos, por ello se aconseja a los usuarios que la visiten peri\u00f3dicamente.<\/p>\r\n","protected":false},"excerpt":{"rendered":"<p>La Asociaci\u00f3n de Econom\u00eda de la Educaci\u00f3n le informa que esta p\u00e1gina web utiliza cookies propias y de terceros para mejorar nuestros servicios. \u00bfQu\u00e9 es una \u201cCookie\u201d?Una cookie es un archivo que se descarga el equipo del usuario al acceder a determinadas p\u00e1ginas web para almacenar y recuperar informaci\u00f3n sobre la navegaci\u00f3n que se efect\u00faa&#8230; <\/p>\n<div class=\"clear\"><\/div>\n<p><a href=\"https:\/\/2025.economicsofeducation.com\/es\/politica-de-cookies\/\" class=\"gdlr-info-font excerpt-read-more\">Read More<\/a><\/p>\n","protected":false},"author":418,"featured_media":0,"parent":0,"menu_order":0,"comment_status":"closed","ping_status":"closed","template":"","meta":{"footnotes":""},"class_list":["post-3942","page","type-page","status-publish","hentry"],"_links":{"self":[{"href":"https:\/\/2025.economicsofeducation.com\/es\/wp-json\/wp\/v2\/pages\/3942","targetHints":{"allow":["GET"]}}],"collection":[{"href":"https:\/\/2025.economicsofeducation.com\/es\/wp-json\/wp\/v2\/pages"}],"about":[{"href":"https:\/\/2025.economicsofeducation.com\/es\/wp-json\/wp\/v2\/types\/page"}],"author":[{"embeddable":true,"href":"https:\/\/2025.economicsofeducation.com\/es\/wp-json\/wp\/v2\/users\/418"}],"replies":[{"embeddable":true,"href":"https:\/\/2025.economicsofeducation.com\/es\/wp-json\/wp\/v2\/comments?post=3942"}],"version-history":[{"count":7,"href":"https:\/\/2025.economicsofeducation.com\/es\/wp-json\/wp\/v2\/pages\/3942\/revisions"}],"predecessor-version":[{"id":4291,"href":"https:\/\/2025.economicsofeducation.com\/es\/wp-json\/wp\/v2\/pages\/3942\/revisions\/4291"}],"wp:attachment":[{"href":"https:\/\/2025.economicsofeducation.com\/es\/wp-json\/wp\/v2\/media?parent=3942"}],"curies":[{"name":"wp","href":"https:\/\/api.w.org\/{rel}","templated":true}]}}