{"id":15,"date":"2009-11-22T16:14:49","date_gmt":"2009-11-22T15:14:49","guid":{"rendered":"http:\/\/2019.economicsofeducation.com\/en\/?page_id=15"},"modified":"2025-06-20T14:03:04","modified_gmt":"2025-06-20T12:03:04","slug":"info-turistica","status":"publish","type":"page","link":"https:\/\/2025.economicsofeducation.com\/es\/info-turistica\/","title":{"rendered":"Log\u00edstica"},"content":{"rendered":"<p>&nbsp;<\/p>\n<p>Plano para acceder al congreso por transporte p\u00fablico<\/p>\n<p><a href=\"https:\/\/2025.economicsofeducation.com\/wp-content\/uploads\/SoM_How-to-reach-us_nuovo-.pdf\">PLANO<\/a><\/p>\n<p>La informaci\u00f3n tur\u00edstica se puede encontrar en:<\/p>\n<p><a href=\"https:\/\/www.italia.it\/es\/lombardia\/milan\/yes-milano-convention-bureau\">https:\/\/www.italia.it\/<\/a><\/p>\n<p>&nbsp;<\/p>\n","protected":false},"excerpt":{"rendered":"<p>&nbsp; Plano para acceder al congreso por transporte p\u00fablico PLANO La informaci\u00f3n tur\u00edstica se puede encontrar en: https:\/\/www.italia.it\/ &nbsp;<\/p>\n","protected":false},"author":421,"featured_media":0,"parent":0,"menu_order":100,"comment_status":"closed","ping_status":"closed","template":"","meta":{"footnotes":""},"class_list":["post-15","page","type-page","status-publish","hentry"],"_links":{"self":[{"href":"https:\/\/2025.economicsofeducation.com\/es\/wp-json\/wp\/v2\/pages\/15","targetHints":{"allow":["GET"]}}],"collection":[{"href":"https:\/\/2025.economicsofeducation.com\/es\/wp-json\/wp\/v2\/pages"}],"about":[{"href":"https:\/\/2025.economicsofeducation.com\/es\/wp-json\/wp\/v2\/types\/page"}],"author":[{"embeddable":true,"href":"https:\/\/2025.economicsofeducation.com\/es\/wp-json\/wp\/v2\/users\/421"}],"replies":[{"embeddable":true,"href":"https:\/\/2025.economicsofeducation.com\/es\/wp-json\/wp\/v2\/comments?post=15"}],"version-history":[{"count":11,"href":"https:\/\/2025.economicsofeducation.com\/es\/wp-json\/wp\/v2\/pages\/15\/revisions"}],"predecessor-version":[{"id":5636,"href":"https:\/\/2025.economicsofeducation.com\/es\/wp-json\/wp\/v2\/pages\/15\/revisions\/5636"}],"wp:attachment":[{"href":"https:\/\/2025.economicsofeducation.com\/es\/wp-json\/wp\/v2\/media?parent=15"}],"curies":[{"name":"wp","href":"https:\/\/api.w.org\/{rel}","templated":true}]}}